{"id":8,"date":"2018-09-16T12:47:07","date_gmt":"2018-09-16T12:47:07","guid":{"rendered":"https:\/\/nieuw.nataliehanssen.com\/?page_id=8"},"modified":"2018-10-31T21:13:20","modified_gmt":"2018-10-31T21:13:20","slug":"home","status":"publish","type":"page","link":"https:\/\/www.nataliehanssen.com\/da\/","title":{"rendered":"Tegninger &#038; Konsult"},"content":{"rendered":"<p>N\u00e5r ord ikke er nok &#8211; eller for meget.<\/p>\n<p>Billeder tr\u00e6nger ind p\u00e5 en anden m\u00e5de end ord. En tegning kan overraske med en joke. Forstyrre. Skabe opm\u00e6rksomhed p\u00e5 steder, hvor mennesker ofte kigger v\u00e6k. Fordi budskabet er for ubehageligt eller komplekst. De kan fort\u00e6lle ting som er sv\u00e6re at sige, p\u00e5 den mest enkele m\u00e5de. <\/p>\n<p>Tegninger hj\u00e6lper med at udtrykke det n\u00f8dvendige &#8211; og giver gl\u00e6de.<\/p>\n","protected":false},"excerpt":{"rendered":"<p>N\u00e5r ord ikke er nok &#8211; eller for meget. Billeder tr\u00e6nger ind p\u00e5 en anden m\u00e5de end ord. En tegning kan overraske med en joke. Forstyrre. Skabe opm\u00e6rksomhed p\u00e5 steder, hvor mennesker ofte kigger v\u00e6k. Fordi budskabet er for ubehageligt eller komplekst. De kan fort\u00e6lle ting som er sv\u00e6re at sige, p\u00e5 den mest enkele &hellip; <a href=\"https:\/\/www.nataliehanssen.com\/da\/\" class=\"more-link\">L\u00e6s mere <span class=\"screen-reader-text\">Tegninger &#038; Konsult<\/span><\/a><\/p>\n","protected":false},"author":1,"featured_media":33,"parent":0,"menu_order":0,"comment_status":"closed","ping_status":"closed","template":"","meta":{"footnotes":""},"class_list":["post-8","page","type-page","status-publish","has-post-thumbnail","hentry"],"_links":{"self":[{"href":"https:\/\/www.nataliehanssen.com\/da\/wp-json\/wp\/v2\/pages\/8","targetHints":{"allow":["GET"]}}],"collection":[{"href":"https:\/\/www.nataliehanssen.com\/da\/wp-json\/wp\/v2\/pages"}],"about":[{"href":"https:\/\/www.nataliehanssen.com\/da\/wp-json\/wp\/v2\/types\/page"}],"author":[{"embeddable":true,"href":"https:\/\/www.nataliehanssen.com\/da\/wp-json\/wp\/v2\/users\/1"}],"replies":[{"embeddable":true,"href":"https:\/\/www.nataliehanssen.com\/da\/wp-json\/wp\/v2\/comments?post=8"}],"version-history":[{"count":22,"href":"https:\/\/www.nataliehanssen.com\/da\/wp-json\/wp\/v2\/pages\/8\/revisions"}],"predecessor-version":[{"id":340,"href":"https:\/\/www.nataliehanssen.com\/da\/wp-json\/wp\/v2\/pages\/8\/revisions\/340"}],"wp:featuredmedia":[{"embeddable":true,"href":"https:\/\/www.nataliehanssen.com\/da\/wp-json\/wp\/v2\/media\/33"}],"wp:attachment":[{"href":"https:\/\/www.nataliehanssen.com\/da\/wp-json\/wp\/v2\/media?parent=8"}],"curies":[{"name":"wp","href":"https:\/\/api.w.org\/{rel}","templated":true}]}}