{"id":9,"date":"2018-09-16T12:47:07","date_gmt":"2018-09-16T12:47:07","guid":{"rendered":"https:\/\/nieuw.nataliehanssen.com\/?page_id=9"},"modified":"2022-03-16T12:19:18","modified_gmt":"2022-03-16T12:19:18","slug":"over-ons","status":"publish","type":"page","link":"https:\/\/www.nataliehanssen.com\/da\/over-ons\/","title":{"rendered":"Tegninger der virker"},"content":{"rendered":"<p>Natalie Hanssen er en tegneserietegner fra Aarhus. Hun har en kandidatgrad i psykologi men startede sin karriere som tekstforfatter i et stort, internationalt reklamefirma i Amsterdam. Snart blev hun freelance fordi det gav hende mulighed for at skrive artikler og tegne ved siden af copywriting. De seneste 20 \u00e5r har hun arbejdet inden for en r\u00e6kke forskillige fagomr\u00e5de som tegner, journalist og tekstforfatter.<\/p>\n<p>Natalie Hanssen arbejder ogs\u00e5 for hollandske og internationale medier og virksomheder.<\/p>\n","protected":false},"excerpt":{"rendered":"<p>Natalie Hanssen er en tegneserietegner fra Aarhus. Hun har en kandidatgrad i psykologi men startede sin karriere som tekstforfatter i et stort, internationalt reklamefirma i Amsterdam. Snart blev hun freelance fordi det gav hende mulighed for at skrive artikler og tegne ved siden af copywriting. De seneste 20 \u00e5r har hun arbejdet inden for en &hellip; <a href=\"https:\/\/www.nataliehanssen.com\/da\/over-ons\/\" class=\"more-link\">L\u00e6s mere <span class=\"screen-reader-text\">Tegninger der virker<\/span><\/a><\/p>\n","protected":false},"author":1,"featured_media":230,"parent":0,"menu_order":0,"comment_status":"closed","ping_status":"closed","template":"","meta":{"footnotes":""},"class_list":["post-9","page","type-page","status-publish","has-post-thumbnail","hentry"],"_links":{"self":[{"href":"https:\/\/www.nataliehanssen.com\/da\/wp-json\/wp\/v2\/pages\/9","targetHints":{"allow":["GET"]}}],"collection":[{"href":"https:\/\/www.nataliehanssen.com\/da\/wp-json\/wp\/v2\/pages"}],"about":[{"href":"https:\/\/www.nataliehanssen.com\/da\/wp-json\/wp\/v2\/types\/page"}],"author":[{"embeddable":true,"href":"https:\/\/www.nataliehanssen.com\/da\/wp-json\/wp\/v2\/users\/1"}],"replies":[{"embeddable":true,"href":"https:\/\/www.nataliehanssen.com\/da\/wp-json\/wp\/v2\/comments?post=9"}],"version-history":[{"count":28,"href":"https:\/\/www.nataliehanssen.com\/da\/wp-json\/wp\/v2\/pages\/9\/revisions"}],"predecessor-version":[{"id":360,"href":"https:\/\/www.nataliehanssen.com\/da\/wp-json\/wp\/v2\/pages\/9\/revisions\/360"}],"wp:featuredmedia":[{"embeddable":true,"href":"https:\/\/www.nataliehanssen.com\/da\/wp-json\/wp\/v2\/media\/230"}],"wp:attachment":[{"href":"https:\/\/www.nataliehanssen.com\/da\/wp-json\/wp\/v2\/media?parent=9"}],"curies":[{"name":"wp","href":"https:\/\/api.w.org\/{rel}","templated":true}]}}